{"id":29563,"date":"2020-05-31T15:08:05","date_gmt":"2020-05-31T13:08:05","guid":{"rendered":"http:\/\/myservice4you.ch\/wp\/?page_id=29563"},"modified":"2022-01-28T22:52:15","modified_gmt":"2022-01-28T21:52:15","slug":"info-internetanschluss","status":"publish","type":"page","link":"https:\/\/myservice4you.ch\/wp\/info-internetanschluss\/","title":{"rendered":"Info: Internetanschluss"},"content":{"rendered":"<p>[et_pb_section fb_built=&#8220;1&#8243; _builder_version=&#8220;4.4.6&#8243; custom_margin=&#8220;0px|0px|0px|0px|false|false&#8220; custom_padding=&#8220;0px|0px|0px|0px|false|false&#8220; global_colors_info=&#8220;{}&#8220;][et_pb_row _builder_version=&#8220;4.4.6&#8243; custom_margin=&#8220;0px|0px|0px|0px|false|false&#8220; custom_padding=&#8220;0px|0px|0px|0px|false|false&#8220; global_colors_info=&#8220;{}&#8220;][et_pb_column type=&#8220;4_4&#8243; _builder_version=&#8220;4.4.6&#8243; global_colors_info=&#8220;{}&#8220;][et_pb_text _builder_version=&#8220;4.14.7&#8243; custom_margin=&#8220;5px|0px|5px|0px|false|false&#8220; custom_padding=&#8220;0px|0px|0px|0px|false|false&#8220; hover_enabled=&#8220;0&#8243; global_colors_info=&#8220;{}&#8220; sticky_enabled=&#8220;0&#8243;]<\/p>\n<p><strong>Preiswerter und schneller Internetzugang<br \/><\/strong><\/p>\n<p>Egal ob DSL oder Glasfaser, \u00fcber die Netzinfrastruktur von Swisscom k\u00f6nnen wir Ihnen das schnellste INTERNET anbieten.<\/p>\n<p>Aktuell werden in der Schweiz immer mehr Haushalte mit Glasfaseranschl\u00fcssen, auch FTTH-Anschl\u00fcsse genannt, ausgestattet. Leider verf\u00fcgen noch nicht alle Haushalte \u00fcber Glasfaser. Kunden die noch kein Glasfaser in Ihrem Zuhause haben, erhalten mit einer DSL Anbindung eine gute und sichere Verbindung zum INTERNET.<\/p>\n<p>[\/et_pb_text][et_pb_text _builder_version=&#8220;4.14.7&#8243; _module_preset=&#8220;default&#8220; hover_enabled=&#8220;0&#8243; sticky_enabled=&#8220;0&#8243;]<\/p>\n<p><strong>Glasfaser<\/strong><\/p>\n<p>Aktuell werden in der Schweiz immer mehr Haushalte mit Glasfaseranschl\u00fcssen, auch FTTH-Anschl\u00fcsse genannt, ausgestattet. Da der Bauaufwand jedoch nicht zu vernachl\u00e4ssigen ist, kann dies noch einige Jahre dauern, bis alle MS4Y Kunden davon profitieren k\u00f6nnen. Sobald Ihre Wohnung \u00fcber einen Glasfaseranschluss verf\u00fcgt, k\u00f6nnen Sie praktisch beliebige Internetgeschwindigkeiten ausw\u00e4hlen.<\/p>\n<p>MS4Y Kunden die bereits \u00fcber Glasfaser verf\u00fcgen, k\u00f6nnen \u00fcber die Leitungen der Stadtnetze oder der Swisscom gem\u00fctlich surfen. Wissen Sie nicht ob Sie \u00fcber Glasfaser verf\u00fcgen? Pr\u00fcfen Sie Ihren Anschluss mit unserem Verf\u00fcgbarkeitschecker und nach wenigen Sekunden wird Ihnen der bestm\u00f6gliche Anschluss an Ihrer Adresse angezeigt.<\/p>\n<p>[\/et_pb_text][et_pb_text _builder_version=&#8220;4.14.7&#8243; _module_preset=&#8220;default&#8220; hover_enabled=&#8220;0&#8243; sticky_enabled=&#8220;0&#8243;]<\/p>\n<p><strong>DSL<\/strong><\/p>\n<p>\u00dcber das leistungsf\u00e4hige Netzwerk der Swisscom erschlossen: Mit einer DSL Anbindung erhalten Sie dort, wo noch kein Glasfasernetz verf\u00fcgbar ist, eine gute und sichere Verbindung zum Internet und damit Zugang zu weiteren Dienstleistungen, die via INTERNET angeboten werden (VoIP, Cloud Computing, Zugriff auf externe Server).<\/p>\n<p>Noch sind die meisten Wohnh\u00e4user in der Schweiz mit herk\u00f6mmlichen Kupferleitungen erschlossen. Auch die darauf angebotenen DSL Datenverbindungen werden immer leistungsf\u00e4higer und erlauben heute einen Datendurchsatz, der sich f\u00fcr einfache und kosteng\u00fcnstige Internet Verbindungen genau so wie f\u00fcr den Betrieb weiterer Dienstleistungen wie Internet Telefonie (VoIP), externe Datensicherung usw eignet.<\/p>\n<p>[\/et_pb_text][et_pb_text _builder_version=&#8220;4.4.7&#8243; custom_margin=&#8220;20px|0px|20px|0px|false|false&#8220; custom_padding=&#8220;20px|0px|20px|0px|false|false&#8220; global_colors_info=&#8220;{}&#8220;]<\/p>\n<h1>Abo <a href=\"https:\/\/myservice4you.ch\/wp\/wp\/preise-Internetanschluss\">Internertanschluss<\/a><\/h1>\n<p>[\/et_pb_text][\/et_pb_column][\/et_pb_row][\/et_pb_section]<\/p>\n","protected":false},"excerpt":{"rendered":"<p>Preiswerter und schneller Internetzugang Egal ob DSL oder Glasfaser, \u00fcber die Netzinfrastruktur von Swisscom k\u00f6nnen wir Ihnen das schnellste INTERNET anbieten. Aktuell werden in der Schweiz immer mehr Haushalte mit Glasfaseranschl\u00fcssen, auch FTTH-Anschl\u00fcsse genannt, ausgestattet. Leider verf\u00fcgen noch nicht alle Haushalte \u00fcber Glasfaser. Kunden die noch kein Glasfaser in Ihrem Zuhause haben, erhalten mit einer DSL Anbindung eine gute und sichere Verbindung zum INTERNET. Glasfaser Aktuell werden in der Schweiz immer mehr Haushalte mit Glasfaseranschl\u00fcssen, auch FTTH-Anschl\u00fcsse genannt, ausgestattet. Da der Bauaufwand jedoch nicht zu vernachl\u00e4ssigen ist, kann dies noch einige Jahre dauern, bis alle MS4Y Kunden davon profitieren k\u00f6nnen. Sobald Ihre Wohnung \u00fcber einen Glasfaseranschluss verf\u00fcgt, k\u00f6nnen Sie praktisch beliebige Internetgeschwindigkeiten ausw\u00e4hlen. MS4Y Kunden die bereits \u00fcber Glasfaser verf\u00fcgen, k\u00f6nnen \u00fcber die Leitungen der Stadtnetze oder der Swisscom gem\u00fctlich surfen. Wissen Sie nicht ob Sie \u00fcber Glasfaser verf\u00fcgen? Pr\u00fcfen Sie Ihren Anschluss mit unserem Verf\u00fcgbarkeitschecker und nach wenigen Sekunden wird Ihnen der bestm\u00f6gliche Anschluss an Ihrer Adresse angezeigt. DSL \u00dcber das leistungsf\u00e4hige Netzwerk der Swisscom erschlossen: Mit einer DSL Anbindung erhalten Sie dort, wo noch kein Glasfasernetz verf\u00fcgbar ist, eine gute und sichere Verbindung zum Internet und damit Zugang zu weiteren Dienstleistungen, die via INTERNET angeboten werden (VoIP, Cloud Computing, Zugriff auf externe Server). Noch sind die meisten Wohnh\u00e4user in der Schweiz mit herk\u00f6mmlichen Kupferleitungen erschlossen. Auch die darauf angebotenen DSL Datenverbindungen werden immer leistungsf\u00e4higer und erlauben heute einen Datendurchsatz, der sich f\u00fcr einfache und kosteng\u00fcnstige Internet Verbindungen genau so wie f\u00fcr den Betrieb weiterer Dienstleistungen wie Internet Telefonie (VoIP), externe Datensicherung usw eignet. Abo&#8230;<\/p>\n","protected":false},"author":1,"featured_media":0,"parent":0,"menu_order":0,"comment_status":"closed","ping_status":"closed","template":"","meta":{"_et_pb_use_builder":"on","_et_pb_old_content":"","_et_gb_content_width":"","footnotes":""},"class_list":["post-29563","page","type-page","status-publish","hentry"],"_links":{"self":[{"href":"https:\/\/myservice4you.ch\/wp\/wp-json\/wp\/v2\/pages\/29563","targetHints":{"allow":["GET"]}}],"collection":[{"href":"https:\/\/myservice4you.ch\/wp\/wp-json\/wp\/v2\/pages"}],"about":[{"href":"https:\/\/myservice4you.ch\/wp\/wp-json\/wp\/v2\/types\/page"}],"author":[{"embeddable":true,"href":"https:\/\/myservice4you.ch\/wp\/wp-json\/wp\/v2\/users\/1"}],"replies":[{"embeddable":true,"href":"https:\/\/myservice4you.ch\/wp\/wp-json\/wp\/v2\/comments?post=29563"}],"version-history":[{"count":0,"href":"https:\/\/myservice4you.ch\/wp\/wp-json\/wp\/v2\/pages\/29563\/revisions"}],"wp:attachment":[{"href":"https:\/\/myservice4you.ch\/wp\/wp-json\/wp\/v2\/media?parent=29563"}],"curies":[{"name":"wp","href":"https:\/\/api.w.org\/{rel}","templated":true}]}}