{"id":29358,"date":"2020-05-26T22:20:44","date_gmt":"2020-05-26T20:20:44","guid":{"rendered":"http:\/\/myservice4you.ch\/wp\/?page_id=29358"},"modified":"2022-02-06T15:49:46","modified_gmt":"2022-02-06T14:49:46","slug":"info-livestreamaudio","status":"publish","type":"page","link":"https:\/\/myservice4you.ch\/wp\/info-livestreamaudio\/","title":{"rendered":"Info: LiveStream Audio"},"content":{"rendered":"<p>[et_pb_section fb_built=&#8220;1&#8243; _builder_version=&#8220;4.4.7&#8243; custom_margin=&#8220;5px|0px|5px|0px|false|false&#8220; custom_padding=&#8220;0px|0px|0px|0px|false|false&#8220; global_colors_info=&#8220;{}&#8220;][et_pb_row _builder_version=&#8220;4.4.7&#8243; custom_margin=&#8220;5px|0px|5px|0px|false|false&#8220; custom_padding=&#8220;0px|0px|0px|0px|false|false&#8220; global_colors_info=&#8220;{}&#8220;][et_pb_column type=&#8220;4_4&#8243; _builder_version=&#8220;4.4.6&#8243; global_colors_info=&#8220;{}&#8220;][et_pb_text _builder_version=&#8220;4.4.7&#8243; custom_margin=&#8220;5px|0px|5px|0px|false|false&#8220; custom_padding=&#8220;0px|0px|0px|0px|false|false&#8220; global_colors_info=&#8220;{}&#8220;]<\/p>\n<h1>Wie funktioniert das?<\/h1>\n<p>Live-Audio-Streaming (oder Direkt\u00fcbertragung eines Audiostreams) erm\u00f6glicht die Wiedergabe einer Audioquelle in Echtzeit f\u00fcr Online-H\u00f6rer. Diese Direkt\u00fcbertragung kann \u00fcber eine Webseite, mit einem Mobiltelefon oder mit jedem anderen kompatiblen Ger\u00e4t verfolgt werden.<\/p>\n<p>[\/et_pb_text][et_pb_text _builder_version=&#8220;4.4.7&#8243; custom_margin=&#8220;5px|0px|5px|0px|false|false&#8220; custom_padding=&#8220;0px|0px|0px|0px|false|false&#8220; global_colors_info=&#8220;{}&#8220;]<\/p>\n<p><strong>Senden Sie uns Ihren Audio-Stream.<\/strong><br \/>Generieren Sie einen Audio-Livestream, den Sie mit der Encoding- und Broadcast-Software Ihrer Wahl (Nicecast, Edcast, SAM Broadcaster usw.) und \u00fcber Ihre ADSL-\/Glasfaser-\/Kabelverbindung live an unseren Streaming-Server senden<\/p>\n<p>[\/et_pb_text][et_pb_text _builder_version=&#8220;4.4.7&#8243; custom_margin=&#8220;5px|0px|5px|0px|false|false&#8220; custom_padding=&#8220;0px|0px|0px|0px|false|false&#8220; global_colors_info=&#8220;{}&#8220;]<\/p>\n<p><strong>Machen Sie Ihr Radio bekannt.<\/strong><br \/>Binden Sie unseren anpassbaren Audioplayer (oder den Player Ihrer Wahl) in Ihre Website ein oder verwenden Sie die Links zur Integration f\u00fcr Flash, iPhone, iPad oder Android<\/p>\n<p>[\/et_pb_text][et_pb_text _builder_version=&#8220;4.4.7&#8243; custom_margin=&#8220;5px|0px|5px|0px|false|false&#8220; custom_padding=&#8220;0px|0px|0px|0px|false|false&#8220; global_colors_info=&#8220;{}&#8220;]<\/p>\n<p><strong>Wir k\u00fcmmern uns um die Verbreitung .<\/strong><br \/>MS4Y Network verbreitet Ihren Audioinhalt live an jeden H\u00f6rer auf Ihrer Website, egal wor\u00fcber er sich verbindet (Webseite, Windows Media Player, Mobiltelefon (iPhone oder andere))<\/p>\n<p>[\/et_pb_text][et_pb_text _builder_version=&#8220;4.4.7&#8243; custom_margin=&#8220;5px|0px|5px|0px|false|false&#8220; custom_padding=&#8220;0px|0px|0px|0px|false|false&#8220; global_colors_info=&#8220;{}&#8220;]<\/p>\n<p><strong>In einer professionellen Umgebung<\/strong><br \/>Senden Sie digital einen Audiostream von zu Hause oder einem Aufnahmestudio, wenn es um professionnelle Aufnahmen geht. Unsere Streaming-Plattform gibt den Stream unmittelbar und ohne Unterbrechung an Ihre H\u00f6rer weiter<\/p>\n<p>[\/et_pb_text][et_pb_text _builder_version=&#8220;4.4.7&#8243; custom_margin=&#8220;5px|0px|5px|0px|false|false&#8220; custom_padding=&#8220;0px|0px|0px|0px|false|false&#8220; global_colors_info=&#8220;{}&#8220;]<\/p>\n<p><strong>Streamformate<\/strong><br \/> Unser Live-Audio-Streaming ist in den Formaten AAC+ und mp3 sowie in verschiedenen Bitraten verf\u00fcgbar<\/p>\n<p>[\/et_pb_text][et_pb_text _builder_version=&#8220;4.4.7&#8243; custom_margin=&#8220;5px|0px|5px|0px|false|false&#8220; custom_padding=&#8220;0px|0px|0px|0px|false|false&#8220; global_colors_info=&#8220;{}&#8220;]<\/p>\n<p><strong>mp3 vs AAC+ (Deutlicher Vorteil f\u00fcr das Format AAC+)<\/strong><\/p>\n<p><span style=\"text-decoration: underline;\">Was sind die Unterschiede zwischen einem MP3- und einem AAC+-Stream?<\/span><br \/> Die Audio-Norm MPEG Layer 3 &#8211; bekannt unter der Bezeichnung mp3 &#8211; wurde 1993 erstmals ver\u00f6ffentlicht. 1997 erschien das Format AAC (Advanced Audio Coding), dann kam AAC+ (oder HEAAC), das schliesslich von der letzten Version namens HEAACv2 abgel\u00f6st wurde.<br \/> AAC wurde von Apple f\u00fcr die Ger\u00e4te iPod, iPhone und iPad sowie die Software iTunes und von Sony ausgew\u00e4hlt. Der Codec HEAAC wird auch f\u00fcr den 3G-Mobilfunk und DVB-T verwendet.<\/p>\n<p><span style=\"text-decoration: underline;\">Unsere Meinung<\/span><br \/> Wir empfehlen eher AAC+ als mp3, denn der verwendete Algorithmus ist leistungsf\u00e4higer als bei MP3; dies bedeutet, dass die Dateien trotz einer kleineren Datenmenge eine bessere Qualit\u00e4t bieten und f\u00fcr Encoding und Decoding weniger Ressourcen beansprucht werden. AAC+ gestattet im \u00dcbrigen die Komprimierung auf 32 kbit\/s, 48 kbit\/s, 64 kbit\/s, 96 kbit\/s, 128 kbit\/s, 192 kbit\/s und mehr.<\/p>\n<p>[\/et_pb_text][et_pb_text _builder_version=&#8220;4.4.7&#8243; custom_margin=&#8220;5px|0px|5px|0px|false|false&#8220; custom_padding=&#8220;0px|0px|0px|0px|false|false&#8220; global_colors_info=&#8220;{}&#8220;]<\/p>\n<p><strong>Mit allen Softwares und Peripherieger\u00e4ten kompatible Streams<\/strong><br \/> &#8211; iTunes (Software)<br \/> &#8211; iPhone, iPod, iPad, Android (Mobil Ger\u00e4ten)<br \/> &#8211; Quicktime (Software)<br \/> &#8211; Winamp (Software)<br \/> &#8211; Windows Media Player (Software)<br \/> &#8211; Real Player (Software)<\/p>\n<p>[\/et_pb_text][et_pb_text _builder_version=&#8220;4.4.7&#8243; custom_margin=&#8220;5px|0px|5px|0px|false|false&#8220; custom_padding=&#8220;0px|0px|0px|0px|false|false&#8220; global_colors_info=&#8220;{}&#8220;]<\/p>\n<h1>Funktionen<\/h1>\n<p>Audio-Streaming-Plattform wurde sowohl f\u00fcr die gesch\u00e4ftliche als auch die private Nutzung entwickelt. F\u00fcr die Live-Wiedergabe Ihrer Audioinhalte stehen u.a. die folgenden Funktionen zur Verf\u00fcgung.<\/p>\n<p>[\/et_pb_text][et_pb_text _builder_version=&#8220;4.4.7&#8243; custom_margin=&#8220;5px|0px|5px|0px|false|false&#8220; custom_padding=&#8220;0px|0px|0px|0px|false|false&#8220; global_colors_info=&#8220;{}&#8220;]<\/p>\n<p><strong>Mit allen Ger\u00e4ten kompatibel<\/strong><br \/>Unsere Plattform ist kompatibel mit iPod, iPhone, iPad, Smartphones unter Android und Windows Mobile, iTunes, QuickTime, Windows Media Player, Winamp sowie Browsern wie z.B. Firefox, Internet Explorer, Chrome und Safari. Unsere L\u00f6sung ist auch mit allen Encoding-Softwares kompatibel, die Icecast2-Server (Nicecast, Edcast, SAM Broadcaster usw.) unterst\u00fctzen<\/p>\n<p>[\/et_pb_text][et_pb_text _builder_version=&#8220;4.4.7&#8243; custom_margin=&#8220;5px|0px|5px|0px|false|false&#8220; custom_padding=&#8220;0px|0px|0px|0px|false|false&#8220; global_colors_info=&#8220;{}&#8220;]<\/p>\n<p><strong>Anpassbarer Audio-Player<\/strong><br \/>Der Audioplayer l\u00e4sst sich vollst\u00e4ndig an das Design Ihrer Website anpassen. Zudem k\u00f6nnen Sie eigene Statusmeldungen erstellen, die w\u00e4hrend dem Vorladen oder einer Unterbrechung erscheinen, oder ein Logo (digitales Wasserzeichen) unterlegen. Nutzer haben jederzeit Auswahl unter den angebotenen Streams im Format AAC+ oder mp3<\/p>\n<p>[\/et_pb_text][et_pb_text _builder_version=&#8220;4.4.7&#8243; custom_margin=&#8220;5px|0px|5px|0px|false|false&#8220; custom_padding=&#8220;0px|0px|0px|0px|false|false&#8220; global_colors_info=&#8220;{}&#8220;]<\/p>\n<p><strong>Nutzerstatistiken und -entwicklung<\/strong><br \/>Unsere Verwaltungskonsole liefert ausf\u00fchrliche Statistiken dar\u00fcber, wie oft Ihre Streams aufgerufen werden. Sie sehen die Anzahl der Nutzer in Echtzeit und der Einzelnutzer je Zeitraum, die durchschnittliche Nutzungsdauer und die geografischen Nutzerstandorte<\/p>\n<p>[\/et_pb_text][et_pb_text _builder_version=&#8220;4.4.7&#8243; custom_margin=&#8220;5px|0px|5px|0px|false|false&#8220; custom_padding=&#8220;0px|0px|0px|0px|false|false&#8220; global_colors_info=&#8220;{}&#8220;]<\/p>\n<p><strong>Analyse- und Werbetools<\/strong><br \/>Unser Live-Radio-Streamingservice ist mit Mediametrie-eStat (nur Flash-Player) und Web Radio Stats (WRS) kompatibel. Ausserdem kann Adswizz verwendet werden, ein Ad-Server, der Werbung in Audiostreams einf\u00fcgt<\/p>\n<p>[\/et_pb_text][et_pb_text _builder_version=&#8220;4.4.7&#8243; custom_margin=&#8220;5px|0px|5px|0px|false|false&#8220; custom_padding=&#8220;0px|0px|0px|0px|false|false&#8220; global_colors_info=&#8220;{}&#8220;]<\/p>\n<h1>Technische Infrastruktur<\/h1>\n<p>[\/et_pb_text][et_pb_text _builder_version=&#8220;4.4.7&#8243; custom_margin=&#8220;5px|0px|5px|0px|false|false&#8220; custom_padding=&#8220;0px|0px|0px|0px|false|false&#8220; global_colors_info=&#8220;{}&#8220;]<\/p>\n<p><strong>Server mit Lastverteilung<\/strong><br \/>Damit die Verbreitung selbst im Falle zahlreicher gleichzeitiger Nutzer gew\u00e4hrleistet ist, verf\u00fcgen wir \u00fcber rund 20 Server mit Lastverteilung f\u00fcr den Empfang und das Senden von Streams<\/p>\n<p>[\/et_pb_text][et_pb_text _builder_version=&#8220;4.4.7&#8243; custom_margin=&#8220;5px|0px|5px|0px|false|false&#8220; custom_padding=&#8220;0px|0px|0px|0px|false|false&#8220; global_colors_info=&#8220;{}&#8220;]<\/p>\n<p><strong>\u00dcberwachung rund um die Uhr<\/strong><br \/>Bei der geringsten Stream-Unterbrechung wird automatisch eine E-Mail an den Kunden geschickt. Infomaniak wird per Pager alarmiert. Ein Techniker steht rund um die Uhr bereit, um so schnell wie m\u00f6glich den reibungslosen Betrieb wiederherzustellen<\/p>\n<p>[\/et_pb_text][et_pb_text _builder_version=&#8220;4.4.7&#8243; custom_margin=&#8220;5px|0px|5px|0px|false|false&#8220; custom_padding=&#8220;0px|0px|0px|0px|false|false&#8220; global_colors_info=&#8220;{}&#8220;]<\/p>\n<p><strong>Robustheit<\/strong><br \/>Dank Audiostreaming verf\u00fcgen UKW-Radiostationen \u00fcber praktisch unendliche Verbreitungsm\u00f6glichkeiten, um eine bisher unerreichte H\u00f6rerzahl zu erreichen. Dank Infomaniak kommen sie zudem in den Genuss einer unvergleichlichen \u00dcbertragungsqualit\u00e4t ohne St\u00f6rungen und Aussetzer, und dies selbst bei Direkt\u00fcbertragungen von Wettk\u00e4mpfen, Konzerten oder Diskussionen und ungeachtet der H\u00f6rerzahl<\/p>\n<p>[\/et_pb_text][et_pb_text _builder_version=&#8220;4.4.7&#8243; custom_margin=&#8220;5px|0px|5px|0px|false|false&#8220; custom_padding=&#8220;0px|0px|0px|0px|false|false&#8220; global_colors_info=&#8220;{}&#8220;]<\/p>\n<p><strong>Verbindung mit hoher Kapazit\u00e4t<\/strong><br \/>Die Server, die f\u00fcr das Radio-Streaming zust\u00e4ndig sind, befinden sich in unserem Rechenzentrum in Carouge und sind mit zwei Dark-Faser von je de 20 GBit\/s angebunden, die Datenverkehrsspitzen von bis zu 40 GBit\/s erlauben<\/p>\n<p>[\/et_pb_text][et_pb_text _builder_version=&#8220;4.4.7&#8243; custom_margin=&#8220;5px|0px|5px|0px|false|false&#8220; custom_padding=&#8220;0px|0px|0px|0px|false|false&#8220; global_colors_info=&#8220;{}&#8220;]<\/p>\n<p><strong>Zuverl\u00e4ssig und immer verf\u00fcgbar<\/strong><br \/>Um eine Wiedergabe ohne St\u00f6rungen und Aussetzer zu gew\u00e4hrleisten, umfassen unsere Netzwerke und technischen Infrastrukturen zahlreiche Sicherheitssysteme<\/p>\n<p>[\/et_pb_text][et_pb_text _builder_version=&#8220;4.4.7&#8243; custom_margin=&#8220;5px|0px|5px|0px|false|false&#8220; custom_padding=&#8220;0px|0px|0px|0px|false|false&#8220; global_colors_info=&#8220;{}&#8220;]<\/p>\n<p><strong>1: Anbieter (Sie)<\/strong><br \/><strong>2: Empfangserver<\/strong><br \/>Zwei Broadcast-Server<br \/>(Live-Broadcasters), davon einer als Reserve, basieren auf der LINUX-HA-Technologie (http:\/\/linux-ha.org), sodass das Umschalten bei einer Panne (Fail-Over) der Live-Broadcaster und die Lastverteilung (Load-Balancing) der Live-Reflectors gew\u00e4hrleistet sind<br \/><strong>3: Sendeserver<\/strong><br \/>10 serveurs Icecast en\u00a0cluster N+1<br \/>f\u00fcr die kundenseitige Stream-\u00dcbertragung. Die Nutzer der verschiedenen Streams werden auf diese Server verteilt. Wir haben eine solide Routine eingerichtet, um das Risiko einer Netzwerkattacke durch besondere Konfigurationen auszuschliessen<br \/><strong>4: Empf\u00e4nger (Internetbesucher\/Internetnutzer)<\/strong><\/p>\n<p>[\/et_pb_text][et_pb_text _builder_version=&#8220;4.14.7&#8243; custom_margin=&#8220;20px|0px|20px|0px|false|false&#8220; custom_padding=&#8220;20px|0px|20px|0px|false|false&#8220; hover_enabled=&#8220;0&#8243; global_colors_info=&#8220;{}&#8220; sticky_enabled=&#8220;0&#8243;]<\/p>\n<h1><a href=\"https:\/\/myservice4you.ch\/wp\/preise-livestreamaudio\">Abopreise<\/a><\/h1>\n<p>[\/et_pb_text][\/et_pb_column][\/et_pb_row][\/et_pb_section]<\/p>\n","protected":false},"excerpt":{"rendered":"<p>Wie funktioniert das? Live-Audio-Streaming (oder Direkt\u00fcbertragung eines Audiostreams) erm\u00f6glicht die Wiedergabe einer Audioquelle in Echtzeit f\u00fcr Online-H\u00f6rer. Diese Direkt\u00fcbertragung kann \u00fcber eine Webseite, mit einem Mobiltelefon oder mit jedem anderen kompatiblen Ger\u00e4t verfolgt werden. Senden Sie uns Ihren Audio-Stream.Generieren Sie einen Audio-Livestream, den Sie mit der Encoding- und Broadcast-Software Ihrer Wahl (Nicecast, Edcast, SAM Broadcaster usw.) und \u00fcber Ihre ADSL-\/Glasfaser-\/Kabelverbindung live an unseren Streaming-Server senden Machen Sie Ihr Radio bekannt.Binden Sie unseren anpassbaren Audioplayer (oder den Player Ihrer Wahl) in Ihre Website ein oder verwenden Sie die Links zur Integration f\u00fcr Flash, iPhone, iPad oder Android Wir k\u00fcmmern uns um die Verbreitung .MS4Y Network verbreitet Ihren Audioinhalt live an jeden H\u00f6rer auf Ihrer Website, egal wor\u00fcber er sich verbindet (Webseite, Windows Media Player, Mobiltelefon (iPhone oder andere)) In einer professionellen UmgebungSenden Sie digital einen Audiostream von zu Hause oder einem Aufnahmestudio, wenn es um professionnelle Aufnahmen geht. Unsere Streaming-Plattform gibt den Stream unmittelbar und ohne Unterbrechung an Ihre H\u00f6rer weiter Streamformate Unser Live-Audio-Streaming ist in den Formaten AAC+ und mp3 sowie in verschiedenen Bitraten verf\u00fcgbar mp3 vs AAC+ (Deutlicher Vorteil f\u00fcr das Format AAC+) Was sind die Unterschiede zwischen einem MP3- und einem AAC+-Stream? Die Audio-Norm MPEG Layer 3 &#8211; bekannt unter der Bezeichnung mp3 &#8211; wurde 1993 erstmals ver\u00f6ffentlicht. 1997 erschien das Format AAC (Advanced Audio Coding), dann kam AAC+ (oder HEAAC), das schliesslich von der letzten Version namens HEAACv2 abgel\u00f6st wurde. AAC wurde von Apple f\u00fcr die Ger\u00e4te iPod, iPhone und iPad sowie die Software iTunes und von Sony ausgew\u00e4hlt. Der Codec HEAAC wird auch f\u00fcr den 3G-Mobilfunk und DVB-T verwendet. Unsere Meinung Wir empfehlen eher AAC+ als mp3, denn der verwendete Algorithmus ist&#8230;<\/p>\n","protected":false},"author":1,"featured_media":0,"parent":0,"menu_order":0,"comment_status":"closed","ping_status":"closed","template":"","meta":{"_et_pb_use_builder":"on","_et_pb_old_content":"","_et_gb_content_width":"","footnotes":""},"class_list":["post-29358","page","type-page","status-publish","hentry"],"_links":{"self":[{"href":"https:\/\/myservice4you.ch\/wp\/wp-json\/wp\/v2\/pages\/29358","targetHints":{"allow":["GET"]}}],"collection":[{"href":"https:\/\/myservice4you.ch\/wp\/wp-json\/wp\/v2\/pages"}],"about":[{"href":"https:\/\/myservice4you.ch\/wp\/wp-json\/wp\/v2\/types\/page"}],"author":[{"embeddable":true,"href":"https:\/\/myservice4you.ch\/wp\/wp-json\/wp\/v2\/users\/1"}],"replies":[{"embeddable":true,"href":"https:\/\/myservice4you.ch\/wp\/wp-json\/wp\/v2\/comments?post=29358"}],"version-history":[{"count":0,"href":"https:\/\/myservice4you.ch\/wp\/wp-json\/wp\/v2\/pages\/29358\/revisions"}],"wp:attachment":[{"href":"https:\/\/myservice4you.ch\/wp\/wp-json\/wp\/v2\/media?parent=29358"}],"curies":[{"name":"wp","href":"https:\/\/api.w.org\/{rel}","templated":true}]}}